{"id":23,"date":"2022-03-15T15:58:34","date_gmt":"2022-03-15T15:58:34","guid":{"rendered":"https:\/\/alcrisagro.ro\/?page_id=23"},"modified":"2022-07-26T09:20:34","modified_gmt":"2022-07-26T09:20:34","slug":"about","status":"publish","type":"page","link":"https:\/\/alcrisagro.ro\/en\/about\/","title":{"rendered":"About"},"content":{"rendered":"<div data-elementor-type=\"wp-page\" data-elementor-id=\"23\" class=\"elementor elementor-23\" data-elementor-post-type=\"page\">\n\t\t\t\t\t\t<section class=\"elementor-section elementor-top-section elementor-element elementor-element-5ca41a5 elementor-section-full_width elementor-section-height-default elementor-section-height-default\" data-id=\"5ca41a5\" data-element_type=\"section\" data-settings=\"{&quot;sticky&quot;:&quot;top&quot;,&quot;sticky_on&quot;:[&quot;desktop&quot;,&quot;tablet&quot;,&quot;mobile&quot;],&quot;sticky_offset&quot;:0,&quot;sticky_effects_offset&quot;:0}\">\n\t\t\t\t\t\t<div class=\"elementor-container elementor-column-gap-no\">\n\t\t\t\t\t<div class=\"elementor-column elementor-col-100 elementor-top-column elementor-element elementor-element-3f18c2a\" data-id=\"3f18c2a\" data-element_type=\"column\">\n\t\t\t<div class=\"elementor-widget-wrap elementor-element-populated\">\n\t\t\t\t\t\t<div class=\"elementor-element elementor-element-c4f519c elementor-widget elementor-widget-progress-tracker\" data-id=\"c4f519c\" data-element_type=\"widget\" data-settings=\"{&quot;type&quot;:&quot;horizontal&quot;,&quot;relative_to&quot;:&quot;entire_page&quot;}\" data-widget_type=\"progress-tracker.default\">\n\t\t\t\t<div class=\"elementor-widget-container\">\n\t\t\t<style>\/*! elementor-pro - v3.19.0 - 07-02-2024 *\/\n.elementor-scrolling-tracker{--scrolling-track-default-progress-color:#61ce70;--scrolling-track-default-color:#eee;--scrolling-track-precentage-default-color:$black}.elementor-scrolling-tracker-horizontal{display:flex;width:100%;height:var(--horizontal-height,20px);padding:var(--tracker-padding);align-items:center;border-left:var(--horizontal-border-left-width,2px) var(--horizontal-border-style) var(--horizontal-border-color);border-bottom:var(--horizontal-border-bottom-width,2px) var(--horizontal-border-style) var(--horizontal-border-color);border-right:var(--horizontal-border-right-width,2px) var(--horizontal-border-style) var(--horizontal-border-color);border-top:var(--horizontal-border-top-width,2px) var(--horizontal-border-style) var(--horizontal-border-color);border-radius:var(--border-radius);background-color:var(--scrolling-track-default-color);direction:var(--direction)}.elementor-scrolling-tracker-horizontal .current-progress{display:none;height:100%;align-items:center;position:relative;border-radius:var(--progress-border-radius);border-left:var(--horizontal-progress-border-left-width,2px) var(--horizontal-progress-border) var(--horizontal-progress-border-color);border-bottom:var(--horizontal-progress-border-bottom-width,2px) var(--horizontal-progress-border) var(--horizontal-progress-border-color);border-right:var(--horizontal-progress-border-right-width,2px) var(--horizontal-progress-border) var(--horizontal-progress-border-color);border-top:var(--horizontal-progress-border-top-width,2px) var(--horizontal-progress-border) var(--horizontal-progress-border-color);background-color:var(--scrolling-track-default-progress-color)}.elementor-scrolling-tracker-horizontal .current-progress .current-progress-percentage{inset-inline-end:.5em;inset-inline-start:auto;position:absolute;direction:var(--text-direction);color:var(--percentage-color,var(--scrolling-track-precentage-default-color))}.elementor-scrolling-tracker-circular{display:flex;width:var(--circular-width,100px);height:var(--circular-height,100px);align-items:center;justify-content:center;position:relative;margin-inline-start:0;margin-inline-end:auto}.elementor-scrolling-tracker-circular .current-progress-percentage{position:absolute;color:var(--percentage-color,var(--scrolling-track-precentage-default-color))}.elementor-scrolling-tracker-circular svg{position:absolute}.elementor-scrolling-tracker-circular .current-progress{display:none;transform:rotate(-90deg);transform-origin:50% 50%;stroke:var(--circular-color,var(--scrolling-track-default-progress-color));fill:transparent;stroke-width:var(--circular-progress-width,4px)}.elementor-scrolling-tracker-circular .circle{stroke:var(--circular-background-color,var(--scrolling-track-default-color));fill:transparent;stroke-width:var(--circular-background-width,4px)}.elementor-scrolling-tracker-alignment-left{margin-left:0;margin-right:auto}.elementor-scrolling-tracker-alignment-center{margin-left:auto;margin-right:auto}.elementor-scrolling-tracker-alignment-right{margin-left:auto;margin-right:0}.e-con-inner>.elementor-widget-progress-tracker,.e-con>.elementor-widget-progress-tracker{width:var(--container-widget-width);--flex-grow:var(--container-widget-flex-grow)}<\/style>\n\t\t<div class=\"elementor-scrolling-tracker elementor-scrolling-tracker-horizontal elementor-scrolling-tracker-alignment-\">\n\t\t\t\t\t\t<div class=\"current-progress\">\n\t\t\t\t\t<div class=\"current-progress-percentage\"><\/div>\n\t\t\t\t<\/div>\n\t\t\t\t<\/div>\n\t\t\t\t<\/div>\n\t\t\t\t<\/div>\n\t\t\t\t\t<\/div>\n\t\t<\/div>\n\t\t\t\t\t<\/div>\n\t\t<\/section>\n\t\t\t\t<section class=\"elementor-section elementor-top-section elementor-element elementor-element-ade941c elementor-section-boxed elementor-section-height-default elementor-section-height-default\" data-id=\"ade941c\" data-element_type=\"section\">\n\t\t\t\t\t\t<div class=\"elementor-container elementor-column-gap-default\">\n\t\t\t\t\t<div class=\"elementor-column elementor-col-100 elementor-top-column elementor-element elementor-element-5006e0b\" data-id=\"5006e0b\" data-element_type=\"column\">\n\t\t\t<div class=\"elementor-widget-wrap elementor-element-populated\">\n\t\t\t\t\t\t<div class=\"elementor-element elementor-element-474b3d7 elementor-widget elementor-widget-spacer\" data-id=\"474b3d7\" data-element_type=\"widget\" data-widget_type=\"spacer.default\">\n\t\t\t\t<div class=\"elementor-widget-container\">\n\t\t\t<style>\/*! elementor - v3.19.0 - 07-02-2024 *\/\n.elementor-column .elementor-spacer-inner{height:var(--spacer-size)}.e-con{--container-widget-width:100%}.e-con-inner>.elementor-widget-spacer,.e-con>.elementor-widget-spacer{width:var(--container-widget-width,var(--spacer-size));--align-self:var(--container-widget-align-self,initial);--flex-shrink:0}.e-con-inner>.elementor-widget-spacer>.elementor-widget-container,.e-con>.elementor-widget-spacer>.elementor-widget-container{height:100%;width:100%}.e-con-inner>.elementor-widget-spacer>.elementor-widget-container>.elementor-spacer,.e-con>.elementor-widget-spacer>.elementor-widget-container>.elementor-spacer{height:100%}.e-con-inner>.elementor-widget-spacer>.elementor-widget-container>.elementor-spacer>.elementor-spacer-inner,.e-con>.elementor-widget-spacer>.elementor-widget-container>.elementor-spacer>.elementor-spacer-inner{height:var(--container-widget-height,var(--spacer-size))}.e-con-inner>.elementor-widget-spacer.elementor-widget-empty,.e-con>.elementor-widget-spacer.elementor-widget-empty{position:relative;min-height:22px;min-width:22px}.e-con-inner>.elementor-widget-spacer.elementor-widget-empty .elementor-widget-empty-icon,.e-con>.elementor-widget-spacer.elementor-widget-empty .elementor-widget-empty-icon{position:absolute;top:0;bottom:0;left:0;right:0;margin:auto;padding:0;width:22px;height:22px}<\/style>\t\t<div class=\"elementor-spacer\">\n\t\t\t<div class=\"elementor-spacer-inner\"><\/div>\n\t\t<\/div>\n\t\t\t\t<\/div>\n\t\t\t\t<\/div>\n\t\t\t\t\t<\/div>\n\t\t<\/div>\n\t\t\t\t\t<\/div>\n\t\t<\/section>\n\t\t\t\t<section class=\"elementor-section elementor-top-section elementor-element elementor-element-f5abb11 elementor-section-boxed elementor-section-height-default elementor-section-height-default\" data-id=\"f5abb11\" data-element_type=\"section\">\n\t\t\t\t\t\t<div class=\"elementor-container elementor-column-gap-default\">\n\t\t\t\t\t<div class=\"elementor-column elementor-col-100 elementor-top-column elementor-element elementor-element-dd7d802\" data-id=\"dd7d802\" data-element_type=\"column\">\n\t\t\t<div class=\"elementor-widget-wrap elementor-element-populated\">\n\t\t\t\t\t\t<div class=\"elementor-element elementor-element-973aeb7 elementor-widget elementor-widget-heading\" data-id=\"973aeb7\" data-element_type=\"widget\" data-widget_type=\"heading.default\">\n\t\t\t\t<div class=\"elementor-widget-container\">\n\t\t\t<style>\/*! elementor - v3.19.0 - 07-02-2024 *\/\n.elementor-heading-title{padding:0;margin:0;line-height:1}.elementor-widget-heading .elementor-heading-title[class*=elementor-size-]>a{color:inherit;font-size:inherit;line-height:inherit}.elementor-widget-heading .elementor-heading-title.elementor-size-small{font-size:15px}.elementor-widget-heading .elementor-heading-title.elementor-size-medium{font-size:19px}.elementor-widget-heading .elementor-heading-title.elementor-size-large{font-size:29px}.elementor-widget-heading .elementor-heading-title.elementor-size-xl{font-size:39px}.elementor-widget-heading .elementor-heading-title.elementor-size-xxl{font-size:59px}<\/style><h2 class=\"elementor-heading-title elementor-size-default\">About us<\/h2>\t\t<\/div>\n\t\t\t\t<\/div>\n\t\t\t\t\t<\/div>\n\t\t<\/div>\n\t\t\t\t\t<\/div>\n\t\t<\/section>\n\t\t\t\t<section class=\"elementor-section elementor-top-section elementor-element elementor-element-8a09160 elementor-section-boxed elementor-section-height-default elementor-section-height-default\" data-id=\"8a09160\" data-element_type=\"section\">\n\t\t\t\t\t\t<div class=\"elementor-container elementor-column-gap-default\">\n\t\t\t\t\t<div class=\"elementor-column elementor-col-100 elementor-top-column elementor-element elementor-element-080a053\" data-id=\"080a053\" data-element_type=\"column\">\n\t\t\t<div class=\"elementor-widget-wrap elementor-element-populated\">\n\t\t\t\t\t\t<div class=\"elementor-element elementor-element-0d583d1 elementor-widget elementor-widget-spacer\" data-id=\"0d583d1\" data-element_type=\"widget\" data-widget_type=\"spacer.default\">\n\t\t\t\t<div class=\"elementor-widget-container\">\n\t\t\t\t\t<div class=\"elementor-spacer\">\n\t\t\t<div class=\"elementor-spacer-inner\"><\/div>\n\t\t<\/div>\n\t\t\t\t<\/div>\n\t\t\t\t<\/div>\n\t\t\t\t\t<\/div>\n\t\t<\/div>\n\t\t\t\t\t<\/div>\n\t\t<\/section>\n\t\t\t\t<section class=\"elementor-section elementor-top-section elementor-element elementor-element-1b9dfd2 elementor-section-boxed elementor-section-height-default elementor-section-height-default\" data-id=\"1b9dfd2\" data-element_type=\"section\">\n\t\t\t\t\t\t<div class=\"elementor-container elementor-column-gap-default\">\n\t\t\t\t\t<div class=\"elementor-column elementor-col-100 elementor-top-column elementor-element elementor-element-1a486cd\" data-id=\"1a486cd\" data-element_type=\"column\">\n\t\t\t<div class=\"elementor-widget-wrap elementor-element-populated\">\n\t\t\t\t\t\t<div class=\"elementor-element elementor-element-4eefd82 elementor-widget elementor-widget-heading\" data-id=\"4eefd82\" data-element_type=\"widget\" data-widget_type=\"heading.default\">\n\t\t\t\t<div class=\"elementor-widget-container\">\n\t\t\t<h2 class=\"elementor-heading-title elementor-size-default\">SC ALCRISAGRO SRL<\/h2>\t\t<\/div>\n\t\t\t\t<\/div>\n\t\t\t\t<div class=\"elementor-element elementor-element-c8c716f elementor-widget elementor-widget-text-editor\" data-id=\"c8c716f\" data-element_type=\"widget\" data-widget_type=\"text-editor.default\">\n\t\t\t\t<div class=\"elementor-widget-container\">\n\t\t\t<style>\/*! elementor - v3.19.0 - 07-02-2024 *\/\n.elementor-widget-text-editor.elementor-drop-cap-view-stacked .elementor-drop-cap{background-color:#69727d;color:#fff}.elementor-widget-text-editor.elementor-drop-cap-view-framed .elementor-drop-cap{color:#69727d;border:3px solid;background-color:transparent}.elementor-widget-text-editor:not(.elementor-drop-cap-view-default) .elementor-drop-cap{margin-top:8px}.elementor-widget-text-editor:not(.elementor-drop-cap-view-default) .elementor-drop-cap-letter{width:1em;height:1em}.elementor-widget-text-editor .elementor-drop-cap{float:left;text-align:center;line-height:1;font-size:50px}.elementor-widget-text-editor .elementor-drop-cap-letter{display:inline-block}<\/style>\t\t\t\t<p>Our Company was founded in 1997 at Targu Mures, Romania.<\/p>\t\t\t\t\t\t<\/div>\n\t\t\t\t<\/div>\n\t\t\t\t<div class=\"elementor-element elementor-element-725d66b elementor-widget elementor-widget-heading\" data-id=\"725d66b\" data-element_type=\"widget\" data-widget_type=\"heading.default\">\n\t\t\t\t<div class=\"elementor-widget-container\">\n\t\t\t<h2 class=\"elementor-heading-title elementor-size-default\">OPERATION<\/h2>\t\t<\/div>\n\t\t\t\t<\/div>\n\t\t\t\t<div class=\"elementor-element elementor-element-fdec742 elementor-widget elementor-widget-text-editor\" data-id=\"fdec742\" data-element_type=\"widget\" data-widget_type=\"text-editor.default\">\n\t\t\t\t<div class=\"elementor-widget-container\">\n\t\t\t\t\t\t\t<p>The Company is present in the agricultural production domain.<\/p>\t\t\t\t\t\t<\/div>\n\t\t\t\t<\/div>\n\t\t\t\t<div class=\"elementor-element elementor-element-56a9b9b elementor-widget elementor-widget-heading\" data-id=\"56a9b9b\" data-element_type=\"widget\" data-widget_type=\"heading.default\">\n\t\t\t\t<div class=\"elementor-widget-container\">\n\t\t\t<h2 class=\"elementor-heading-title elementor-size-default\">MACHINERY<\/h2>\t\t<\/div>\n\t\t\t\t<\/div>\n\t\t\t\t<div class=\"elementor-element elementor-element-51e721a elementor-widget elementor-widget-text-editor\" data-id=\"51e721a\" data-element_type=\"widget\" data-widget_type=\"text-editor.default\">\n\t\t\t\t<div class=\"elementor-widget-container\">\n\t\t\t\t\t\t\t<p>We have a full stack of agricultural machines.<\/p>\t\t\t\t\t\t<\/div>\n\t\t\t\t<\/div>\n\t\t\t\t<div class=\"elementor-element elementor-element-2cf091c elementor-widget elementor-widget-heading\" data-id=\"2cf091c\" data-element_type=\"widget\" data-widget_type=\"heading.default\">\n\t\t\t\t<div class=\"elementor-widget-container\">\n\t\t\t<h2 class=\"elementor-heading-title elementor-size-default\">QUALITY<\/h2>\t\t<\/div>\n\t\t\t\t<\/div>\n\t\t\t\t<div class=\"elementor-element elementor-element-c3d388b elementor-widget elementor-widget-text-editor\" data-id=\"c3d388b\" data-element_type=\"widget\" data-widget_type=\"text-editor.default\">\n\t\t\t\t<div class=\"elementor-widget-container\">\n\t\t\t\t\t\t\t<p>Our seeds guarantee the agricultural success over time.<\/p>\t\t\t\t\t\t<\/div>\n\t\t\t\t<\/div>\n\t\t\t\t\t<\/div>\n\t\t<\/div>\n\t\t\t\t\t<\/div>\n\t\t<\/section>\n\t\t\t\t<section class=\"elementor-section elementor-top-section elementor-element elementor-element-b3337b8 elementor-section-boxed elementor-section-height-default elementor-section-height-default\" data-id=\"b3337b8\" data-element_type=\"section\">\n\t\t\t\t\t\t<div class=\"elementor-container elementor-column-gap-default\">\n\t\t\t\t\t<div class=\"elementor-column elementor-col-50 elementor-top-column elementor-element elementor-element-8cb623a\" data-id=\"8cb623a\" data-element_type=\"column\">\n\t\t\t<div class=\"elementor-widget-wrap elementor-element-populated\">\n\t\t\t\t\t\t<div class=\"elementor-element elementor-element-c5fac7d elementor-widget elementor-widget-image\" data-id=\"c5fac7d\" data-element_type=\"widget\" data-widget_type=\"image.default\">\n\t\t\t\t<div class=\"elementor-widget-container\">\n\t\t\t<style>\/*! elementor - v3.19.0 - 07-02-2024 *\/\n.elementor-widget-image{text-align:center}.elementor-widget-image a{display:inline-block}.elementor-widget-image a img[src$=\".svg\"]{width:48px}.elementor-widget-image img{vertical-align:middle;display:inline-block}<\/style>\t\t\t\t\t\t\t\t\t\t<img fetchpriority=\"high\" decoding=\"async\" width=\"1536\" height=\"1024\" src=\"https:\/\/alcrisagro.ro\/wp-content\/uploads\/2022\/03\/pexels-binyamin-mellish-169523-1536x1024.jpg\" class=\"attachment-1536x1536 size-1536x1536 wp-image-261\" alt=\"\" srcset=\"https:\/\/alcrisagro.ro\/wp-content\/uploads\/2022\/03\/pexels-binyamin-mellish-169523-1536x1024.jpg 1536w, https:\/\/alcrisagro.ro\/wp-content\/uploads\/2022\/03\/pexels-binyamin-mellish-169523-300x200.jpg 300w, https:\/\/alcrisagro.ro\/wp-content\/uploads\/2022\/03\/pexels-binyamin-mellish-169523-1024x683.jpg 1024w, https:\/\/alcrisagro.ro\/wp-content\/uploads\/2022\/03\/pexels-binyamin-mellish-169523-768x512.jpg 768w, https:\/\/alcrisagro.ro\/wp-content\/uploads\/2022\/03\/pexels-binyamin-mellish-169523-2048x1365.jpg 2048w\" sizes=\"(max-width: 1536px) 100vw, 1536px\" \/>\t\t\t\t\t\t\t\t\t\t\t\t\t<\/div>\n\t\t\t\t<\/div>\n\t\t\t\t\t<\/div>\n\t\t<\/div>\n\t\t\t\t<div class=\"elementor-column elementor-col-50 elementor-top-column elementor-element elementor-element-8f28a3f\" data-id=\"8f28a3f\" data-element_type=\"column\">\n\t\t\t<div class=\"elementor-widget-wrap elementor-element-populated\">\n\t\t\t\t\t\t<div class=\"elementor-element elementor-element-bee283c elementor-widget elementor-widget-image\" data-id=\"bee283c\" data-element_type=\"widget\" data-widget_type=\"image.default\">\n\t\t\t\t<div class=\"elementor-widget-container\">\n\t\t\t\t\t\t\t\t\t\t\t\t\t<img decoding=\"async\" width=\"1536\" height=\"1115\" src=\"https:\/\/alcrisagro.ro\/wp-content\/uploads\/2022\/03\/pexels-frans-van-heerden-625422-1536x1115.jpg\" class=\"attachment-1536x1536 size-1536x1536 wp-image-273\" alt=\"\" srcset=\"https:\/\/alcrisagro.ro\/wp-content\/uploads\/2022\/03\/pexels-frans-van-heerden-625422-1536x1115.jpg 1536w, https:\/\/alcrisagro.ro\/wp-content\/uploads\/2022\/03\/pexels-frans-van-heerden-625422-300x218.jpg 300w, https:\/\/alcrisagro.ro\/wp-content\/uploads\/2022\/03\/pexels-frans-van-heerden-625422-1024x743.jpg 1024w, https:\/\/alcrisagro.ro\/wp-content\/uploads\/2022\/03\/pexels-frans-van-heerden-625422-768x558.jpg 768w, https:\/\/alcrisagro.ro\/wp-content\/uploads\/2022\/03\/pexels-frans-van-heerden-625422-2048x1487.jpg 2048w\" sizes=\"(max-width: 1536px) 100vw, 1536px\" \/>\t\t\t\t\t\t\t\t\t\t\t\t\t<\/div>\n\t\t\t\t<\/div>\n\t\t\t\t\t<\/div>\n\t\t<\/div>\n\t\t\t\t\t<\/div>\n\t\t<\/section>\n\t\t\t\t<section class=\"elementor-section elementor-top-section elementor-element elementor-element-934d535 elementor-section-boxed elementor-section-height-default elementor-section-height-default\" data-id=\"934d535\" data-element_type=\"section\">\n\t\t\t\t\t\t<div class=\"elementor-container elementor-column-gap-default\">\n\t\t\t\t\t<div class=\"elementor-column elementor-col-100 elementor-top-column elementor-element elementor-element-f291a85\" data-id=\"f291a85\" data-element_type=\"column\">\n\t\t\t<div class=\"elementor-widget-wrap elementor-element-populated\">\n\t\t\t\t\t\t<div class=\"elementor-element elementor-element-68eeb01 elementor-widget elementor-widget-spacer\" data-id=\"68eeb01\" data-element_type=\"widget\" data-widget_type=\"spacer.default\">\n\t\t\t\t<div class=\"elementor-widget-container\">\n\t\t\t\t\t<div class=\"elementor-spacer\">\n\t\t\t<div class=\"elementor-spacer-inner\"><\/div>\n\t\t<\/div>\n\t\t\t\t<\/div>\n\t\t\t\t<\/div>\n\t\t\t\t\t<\/div>\n\t\t<\/div>\n\t\t\t\t\t<\/div>\n\t\t<\/section>\n\t\t\t\t<\/div>","protected":false},"excerpt":{"rendered":"<p>Despre noi SC ALCRISAGRO SRL SC ALCRISAGRO SRL este o firm\u0103 cu capital privat din T\u00e2rgu Mure\u0219 care a luat fiin\u021ba \u00een anul 1997, cu punct de lucru situat \u00een S\u00e2mpetru de C\u00e2mpie, jude\u021bul Mure\u0219, zona de referin\u021b\u0103 \u00een agricultur\u0103 mure\u0219ean\u0103 \u0219i transilvana. Este valorificat\u0103 experien\u021ba de peste 40 de ani \u00een produc\u021bia vegetal\u0103 a [&hellip;]<\/p>","protected":false},"author":1,"featured_media":0,"parent":0,"menu_order":0,"comment_status":"closed","ping_status":"closed","template":"","meta":{"footnotes":""},"class_list":["post-23","page","type-page","status-publish","hentry"],"_links":{"self":[{"href":"https:\/\/alcrisagro.ro\/en\/wp-json\/wp\/v2\/pages\/23","targetHints":{"allow":["GET"]}}],"collection":[{"href":"https:\/\/alcrisagro.ro\/en\/wp-json\/wp\/v2\/pages"}],"about":[{"href":"https:\/\/alcrisagro.ro\/en\/wp-json\/wp\/v2\/types\/page"}],"author":[{"embeddable":true,"href":"https:\/\/alcrisagro.ro\/en\/wp-json\/wp\/v2\/users\/1"}],"replies":[{"embeddable":true,"href":"https:\/\/alcrisagro.ro\/en\/wp-json\/wp\/v2\/comments?post=23"}],"version-history":[{"count":37,"href":"https:\/\/alcrisagro.ro\/en\/wp-json\/wp\/v2\/pages\/23\/revisions"}],"predecessor-version":[{"id":437,"href":"https:\/\/alcrisagro.ro\/en\/wp-json\/wp\/v2\/pages\/23\/revisions\/437"}],"wp:attachment":[{"href":"https:\/\/alcrisagro.ro\/en\/wp-json\/wp\/v2\/media?parent=23"}],"curies":[{"name":"wp","href":"https:\/\/api.w.org\/{rel}","templated":true}]}}